{"id":591,"date":"2024-09-19T12:36:46","date_gmt":"2024-09-19T12:36:46","guid":{"rendered":"https:\/\/apaxequity.com\/?page_id=591"},"modified":"2025-08-12T13:00:52","modified_gmt":"2025-08-12T13:00:52","slug":"comunicacion-de-riesgos","status":"publish","type":"page","link":"https:\/\/apaxequity.com\/es\/risk-disclosure\/","title":{"rendered":"Divulgaci\u00f3n de riesgos"},"content":{"rendered":"<div data-elementor-type=\"wp-page\" data-elementor-id=\"591\" class=\"elementor elementor-591\" data-elementor-post-type=\"page\">\n\t\t\t\t<div class=\"elementor-element elementor-element-074767a e-con-full e-flex e-con e-parent\" data-id=\"074767a\" data-element_type=\"container\" data-e-type=\"container\" data-settings=\"{&quot;background_background&quot;:&quot;classic&quot;}\">\n\t\t<div class=\"elementor-element elementor-element-0001031 e-con-full e-flex e-con e-child\" data-id=\"0001031\" data-element_type=\"container\" data-e-type=\"container\">\n\t\t\t\t<div class=\"elementor-element elementor-element-b649787 elementor-widget elementor-widget-heading\" data-id=\"b649787\" data-element_type=\"widget\" data-e-type=\"widget\" data-widget_type=\"heading.default\">\n\t\t\t\t<div class=\"elementor-widget-container\">\n\t\t\t\t\t<h1 class=\"elementor-heading-title elementor-size-default\">Declaraci\u00f3n de divulgaci\u00f3n de riesgos\n<\/h1>\t\t\t\t<\/div>\n\t\t\t\t<\/div>\n\t\t\t\t<\/div>\n\t\t\t\t<\/div>\n\t\t<div class=\"elementor-element elementor-element-5e4689d e-con-full e-flex e-con e-parent\" data-id=\"5e4689d\" data-element_type=\"container\" data-e-type=\"container\">\n\t\t\t\t<div class=\"elementor-element elementor-element-cc75a07 elementor-widget__width-initial elementor-widget elementor-widget-heading\" data-id=\"cc75a07\" data-element_type=\"widget\" data-e-type=\"widget\" data-widget_type=\"heading.default\">\n\t\t\t\t<div class=\"elementor-widget-container\">\n\t\t\t\t\t<h2 class=\"elementor-heading-title elementor-size-default\">OBJETIVO<\/h2>\t\t\t\t<\/div>\n\t\t\t\t<\/div>\n\t\t\t\t<div class=\"elementor-element elementor-element-6fa052e elementor-widget__width-initial elementor-widget-mobile__width-initial elementor-widget elementor-widget-text-editor\" data-id=\"6fa052e\" data-element_type=\"widget\" data-e-type=\"widget\" data-widget_type=\"text-editor.default\">\n\t\t\t\t<div class=\"elementor-widget-container\">\n\t\t\t\t\t\t\t\t\t<p>El objetivo de la Declaraci\u00f3n de Divulgaci\u00f3n de Riesgos (la \u201cDeclaraci\u00f3n\u201d) es proporcionarle a usted (el \u201cCliente\u201d) informaci\u00f3n y divulgaci\u00f3n adecuadas sobre la naturaleza y los riesgos de los tipos espec\u00edficos de instrumentos financieros ofrecidos por Apex Equity (en adelante, la \u201cEmpresa\u201d).<\/p><p>Debe leer atentamente esta Declaraci\u00f3n y, antes de negociar instrumentos financieros con la Compa\u00f1\u00eda, aseg\u00farese de comprender completamente y ser capaz de asumir los riesgos involucrados. Cabe se\u00f1alar que esta Declaraci\u00f3n no pretende revelar ni discutir todos los riesgos y otros aspectos importantes de todas las transacciones realizadas con o a trav\u00e9s de la Compa\u00f1\u00eda. Describimos la naturaleza general de los riesgos de negociar con instrumentos financieros de forma justa y no enga\u00f1osa. Por lo tanto, debe asegurarse de que su decisi\u00f3n se tome de forma informada y, como m\u00ednimo, debe tener en cuenta todo lo siguiente que se detalla a continuaci\u00f3n.<\/p><p>Debe asegurarse de comprender los riesgos involucrados y tener en cuenta su nivel de experiencia y, si es necesario, buscar asesoramiento independiente. El Cliente es responsable de todas las p\u00e9rdidas sufridas en su cuenta.<\/p><p>Al registrarse y operar con la Compa\u00f1\u00eda, usted reconoce haber le\u00eddo y comprendido completamente los riesgos involucrados en el comercio de Contratos por Diferencia (\u201cCFD\u201d), y que est\u00e1 dispuesto y es capaz de asumir todos esos riesgos.<\/p>\t\t\t\t\t\t\t\t<\/div>\n\t\t\t\t<\/div>\n\t\t\t\t<div class=\"elementor-element elementor-element-1e3be6a elementor-widget__width-initial elementor-widget elementor-widget-heading\" data-id=\"1e3be6a\" data-element_type=\"widget\" data-e-type=\"widget\" data-widget_type=\"heading.default\">\n\t\t\t\t<div class=\"elementor-widget-container\">\n\t\t\t\t\t<h2 class=\"elementor-heading-title elementor-size-default\">Descargo de responsabilidad sobre riesgos para operar con CFD con cuentas administradas<\/h2>\t\t\t\t<\/div>\n\t\t\t\t<\/div>\n\t\t\t\t<div class=\"elementor-element elementor-element-08e5da6 elementor-widget__width-initial elementor-widget elementor-widget-heading\" data-id=\"08e5da6\" data-element_type=\"widget\" data-e-type=\"widget\" data-widget_type=\"heading.default\">\n\t\t\t\t<div class=\"elementor-widget-container\">\n\t\t\t\t\t<h3 class=\"elementor-heading-title elementor-size-default\">1. Introducci\u00f3n\n<\/h3>\t\t\t\t<\/div>\n\t\t\t\t<\/div>\n\t\t\t\t<div class=\"elementor-element elementor-element-cc5f0d9 elementor-widget__width-initial elementor-widget-mobile__width-initial elementor-widget elementor-widget-text-editor\" data-id=\"cc5f0d9\" data-element_type=\"widget\" data-e-type=\"widget\" data-widget_type=\"text-editor.default\">\n\t\t\t\t<div class=\"elementor-widget-container\">\n\t\t\t\t\t\t\t\t\tAl abrir una cuenta y permitir que la empresa administre sus actividades comerciales en Contratos por Diferencia (CFD), usted reconoce y acepta la siguiente exenci\u00f3n de responsabilidad sobre riesgos. Es fundamental comprender los riesgos inherentes que implica el comercio de CFD y reconocer que las p\u00e9rdidas pueden superar su inversi\u00f3n inicial.\t\t\t\t\t\t\t\t<\/div>\n\t\t\t\t<\/div>\n\t\t\t\t<div class=\"elementor-element elementor-element-532f44b elementor-widget__width-initial elementor-widget elementor-widget-heading\" data-id=\"532f44b\" data-element_type=\"widget\" data-e-type=\"widget\" data-widget_type=\"heading.default\">\n\t\t\t\t<div class=\"elementor-widget-container\">\n\t\t\t\t\t<h3 class=\"elementor-heading-title elementor-size-default\">2. Sin garant\u00eda de ganancias\n<\/h3>\t\t\t\t<\/div>\n\t\t\t\t<\/div>\n\t\t\t\t<div class=\"elementor-element elementor-element-b285e40 elementor-widget__width-initial elementor-widget-mobile__width-initial elementor-widget elementor-widget-text-editor\" data-id=\"b285e40\" data-element_type=\"widget\" data-e-type=\"widget\" data-widget_type=\"text-editor.default\">\n\t\t\t\t<div class=\"elementor-widget-container\">\n\t\t\t\t\t\t\t\t\t<p>Operar con CFD implica un alto nivel de riesgo y puede no ser adecuado para todos los inversores. No hay garant\u00eda de ganancias y el desempe\u00f1o pasado no es indicativo de resultados futuros. El valor de sus inversiones puede subir o bajar y usted puede perder todo el capital invertido.<\/p>\t\t\t\t\t\t\t\t<\/div>\n\t\t\t\t<\/div>\n\t\t\t\t<div class=\"elementor-element elementor-element-be12ac2 elementor-widget__width-initial elementor-widget elementor-widget-heading\" data-id=\"be12ac2\" data-element_type=\"widget\" data-e-type=\"widget\" data-widget_type=\"heading.default\">\n\t\t\t\t<div class=\"elementor-widget-container\">\n\t\t\t\t\t<h3 class=\"elementor-heading-title elementor-size-default\">3. Cuentas administradas y responsabilidad del cliente\n<\/h3>\t\t\t\t<\/div>\n\t\t\t\t<\/div>\n\t\t\t\t<div class=\"elementor-element elementor-element-db085b8 elementor-widget__width-initial elementor-widget-mobile__width-initial elementor-widget elementor-widget-text-editor\" data-id=\"db085b8\" data-element_type=\"widget\" data-e-type=\"widget\" data-widget_type=\"text-editor.default\">\n\t\t\t\t<div class=\"elementor-widget-container\">\n\t\t\t\t\t\t\t\t\t<p>Al autorizar a la empresa a administrar su cuenta de operaciones con CFD, usted comprende y acepta lo siguiente:<\/p>\t\t\t\t\t\t\t\t<\/div>\n\t\t\t\t<\/div>\n\t\t\t\t<div class=\"elementor-element elementor-element-5bd59e6 elementor-widget__width-initial elementor-widget-mobile__width-initial elementor-widget elementor-widget-text-editor\" data-id=\"5bd59e6\" data-element_type=\"widget\" data-e-type=\"widget\" data-widget_type=\"text-editor.default\">\n\t\t\t\t<div class=\"elementor-widget-container\">\n\t\t\t\t\t\t\t\t\t<ol><li><strong>Reconocimiento de Riesgo:<\/strong> Usted reconoce que el comercio de CFD es especulativo e implica un riesgo significativo de p\u00e9rdida. Usted acepta y asume total responsabilidad por todas las decisiones comerciales tomadas por la empresa en su nombre.<\/li><li><strong>Volatilidad y riesgo de mercado:<\/strong> Los CFD est\u00e1n sujetos a una alta volatilidad y r\u00e1pidas fluctuaciones de precios. Estas condiciones del mercado pueden provocar p\u00e9rdidas sustanciales en un corto per\u00edodo. Usted es consciente del potencial de p\u00e9rdidas financieras importantes y acepta asumir este riesgo.<\/li><li><strong>Riesgo de apalancamiento:<\/strong> Las operaciones con CFD a menudo implican el uso de apalancamiento, que puede aumentar las ganancias pero tambi\u00e9n aumentar significativamente las p\u00e9rdidas. Usted comprende que las posiciones apalancadas pueden generar p\u00e9rdidas que excedan su dep\u00f3sito inicial.<\/li><\/ol>\t\t\t\t\t\t\t\t<\/div>\n\t\t\t\t<\/div>\n\t\t\t\t<div class=\"elementor-element elementor-element-7956e07 elementor-widget__width-initial elementor-widget elementor-widget-heading\" data-id=\"7956e07\" data-element_type=\"widget\" data-e-type=\"widget\" data-widget_type=\"heading.default\">\n\t\t\t\t<div class=\"elementor-widget-container\">\n\t\t\t\t\t<h3 class=\"elementor-heading-title elementor-size-default\">4. Sin responsabilidad<\/h3>\t\t\t\t<\/div>\n\t\t\t\t<\/div>\n\t\t\t\t<div class=\"elementor-element elementor-element-862ac3c elementor-widget__width-initial elementor-widget-mobile__width-initial elementor-widget elementor-widget-text-editor\" data-id=\"862ac3c\" data-element_type=\"widget\" data-e-type=\"widget\" data-widget_type=\"text-editor.default\">\n\t\t\t\t<div class=\"elementor-widget-container\">\n\t\t\t\t\t\t\t\t\t<p>La empresa no ser\u00e1 responsable de ninguna p\u00e9rdida incurrida como resultado de operar con CFD en su nombre. Usted acepta que es el \u00fanico responsable de monitorear el desempe\u00f1o de su cuenta administrada y de cualquier decisi\u00f3n de continuar o cesar las actividades comerciales.<\/p>\t\t\t\t\t\t\t\t<\/div>\n\t\t\t\t<\/div>\n\t\t\t\t<div class=\"elementor-element elementor-element-b0dd02a elementor-widget__width-initial elementor-widget elementor-widget-heading\" data-id=\"b0dd02a\" data-element_type=\"widget\" data-e-type=\"widget\" data-widget_type=\"heading.default\">\n\t\t\t\t<div class=\"elementor-widget-container\">\n\t\t\t\t\t<h3 class=\"elementor-heading-title elementor-size-default\">5. Estrategias y gesti\u00f3n de riesgos\n<\/h3>\t\t\t\t<\/div>\n\t\t\t\t<\/div>\n\t\t\t\t<div class=\"elementor-element elementor-element-31e4c00 elementor-widget__width-initial elementor-widget-mobile__width-initial elementor-widget elementor-widget-text-editor\" data-id=\"31e4c00\" data-element_type=\"widget\" data-e-type=\"widget\" data-widget_type=\"text-editor.default\">\n\t\t\t\t<div class=\"elementor-widget-container\">\n\t\t\t\t\t\t\t\t\t<p>Si bien la empresa puede emplear estrategias de gesti\u00f3n de riesgos, estas estrategias no eliminan el riesgo de p\u00e9rdida. Usted reconoce que todas las estrategias comerciales se implementan bajo su propio riesgo y que puede perder m\u00e1s que su inversi\u00f3n inicial.<\/p>\t\t\t\t\t\t\t\t<\/div>\n\t\t\t\t<\/div>\n\t\t\t\t<div class=\"elementor-element elementor-element-257a98a elementor-widget__width-initial elementor-widget elementor-widget-heading\" data-id=\"257a98a\" data-element_type=\"widget\" data-e-type=\"widget\" data-widget_type=\"heading.default\">\n\t\t\t\t<div class=\"elementor-widget-container\">\n\t\t\t\t\t<h3 class=\"elementor-heading-title elementor-size-default\">6. Asesoramiento independiente\n<\/h3>\t\t\t\t<\/div>\n\t\t\t\t<\/div>\n\t\t\t\t<div class=\"elementor-element elementor-element-2a52610 elementor-widget__width-initial elementor-widget-mobile__width-initial elementor-widget elementor-widget-text-editor\" data-id=\"2a52610\" data-element_type=\"widget\" data-e-type=\"widget\" data-widget_type=\"text-editor.default\">\n\t\t\t\t<div class=\"elementor-widget-container\">\n\t\t\t\t\t\t\t\t\t<p>Se recomienda buscar asesoramiento financiero independiente antes de autorizar a la empresa a gestionar su cuenta de operaciones con CFD. Es esencial comprender completamente los riesgos involucrados y garantizar que las operaciones con CFD sean apropiadas para su situaci\u00f3n financiera y tolerancia al riesgo.<\/p>\t\t\t\t\t\t\t\t<\/div>\n\t\t\t\t<\/div>\n\t\t\t\t<div class=\"elementor-element elementor-element-c7618d1 elementor-widget__width-initial elementor-widget elementor-widget-heading\" data-id=\"c7618d1\" data-element_type=\"widget\" data-e-type=\"widget\" data-widget_type=\"heading.default\">\n\t\t\t\t<div class=\"elementor-widget-container\">\n\t\t\t\t\t<h3 class=\"elementor-heading-title elementor-size-default\">7. Responsabilidad del cliente por la comunicaci\u00f3n y el seguimiento de la cuenta\n<\/h3>\t\t\t\t<\/div>\n\t\t\t\t<\/div>\n\t\t\t\t<div class=\"elementor-element elementor-element-2b2e087 elementor-widget__width-initial elementor-widget-mobile__width-initial elementor-widget elementor-widget-text-editor\" data-id=\"2b2e087\" data-element_type=\"widget\" data-e-type=\"widget\" data-widget_type=\"text-editor.default\">\n\t\t\t\t<div class=\"elementor-widget-container\">\n\t\t\t\t\t\t\t\t\t<p>Usted, el cliente, es responsable de monitorear activamente su cuenta y mantener la comunicaci\u00f3n con la empresa en cualquier momento. La empresa ofrece m\u00faltiples canales de comunicaci\u00f3n, incluido chat en vivo, correos electr\u00f3nicos, n\u00fameros de tel\u00e9fono directos de su administrador de cuentas, el n\u00famero de tel\u00e9fono de la oficina principal y WhatsApp, para ayudarlo con cualquier consulta o soporte que necesite.<\/p>\t\t\t\t\t\t\t\t<\/div>\n\t\t\t\t<\/div>\n\t\t\t\t<div class=\"elementor-element elementor-element-3552bd6 elementor-widget__width-initial elementor-widget elementor-widget-heading\" data-id=\"3552bd6\" data-element_type=\"widget\" data-e-type=\"widget\" data-widget_type=\"heading.default\">\n\t\t\t\t<div class=\"elementor-widget-container\">\n\t\t\t\t\t<h3 class=\"elementor-heading-title elementor-size-default\">8. Elegibilidad para sesiones educativas sobre mercado y comercio\n<\/h3>\t\t\t\t<\/div>\n\t\t\t\t<\/div>\n\t\t\t\t<div class=\"elementor-element elementor-element-053acc6 elementor-widget__width-initial elementor-widget-mobile__width-initial elementor-widget elementor-widget-text-editor\" data-id=\"053acc6\" data-element_type=\"widget\" data-e-type=\"widget\" data-widget_type=\"text-editor.default\">\n\t\t\t\t<div class=\"elementor-widget-container\">\n\t\t\t\t\t\t\t\t\t<p>Como cliente, usted es elegible para recibir sesiones educativas gratuitas sobre comercio y mercado. Es su responsabilidad solicitar y programar estas sesiones. La empresa le anima a aprovechar estos recursos para mejorar su comprensi\u00f3n de la din\u00e1mica del mercado y las estrategias comerciales.<\/p>\t\t\t\t\t\t\t\t<\/div>\n\t\t\t\t<\/div>\n\t\t\t\t<div class=\"elementor-element elementor-element-a889c65 elementor-widget elementor-widget-spacer\" data-id=\"a889c65\" data-element_type=\"widget\" data-e-type=\"widget\" data-widget_type=\"spacer.default\">\n\t\t\t\t<div class=\"elementor-widget-container\">\n\t\t\t\t\t\t\t<div class=\"elementor-spacer\">\n\t\t\t<div class=\"elementor-spacer-inner\"><\/div>\n\t\t<\/div>\n\t\t\t\t\t\t<\/div>\n\t\t\t\t<\/div>\n\t\t\t\t<\/div>\n\t\t\t\t<\/div>","protected":false},"excerpt":{"rendered":"<p>Risk Disclosure Statement PURPOSE The purpose of the Risk Disclosure Statement (the &#8220;Statement&#8221;) is to provide you (the &#8220;Client&#8221;) appropriate information and disclosure on the nature and risks of the specific types of financial instruments offered by Apex Equity (hereafter the &#8220;Company&#8221;). You should carefully read this Statement, and before trading in financial instruments with [&hellip;]<\/p>\n","protected":false},"author":1,"featured_media":0,"parent":0,"menu_order":0,"comment_status":"closed","ping_status":"closed","template":"","meta":{"footnotes":""},"class_list":["post-591","page","type-page","status-publish","hentry"],"_links":{"self":[{"href":"https:\/\/apaxequity.com\/es\/wp-json\/wp\/v2\/pages\/591","targetHints":{"allow":["GET"]}}],"collection":[{"href":"https:\/\/apaxequity.com\/es\/wp-json\/wp\/v2\/pages"}],"about":[{"href":"https:\/\/apaxequity.com\/es\/wp-json\/wp\/v2\/types\/page"}],"author":[{"embeddable":true,"href":"https:\/\/apaxequity.com\/es\/wp-json\/wp\/v2\/users\/1"}],"replies":[{"embeddable":true,"href":"https:\/\/apaxequity.com\/es\/wp-json\/wp\/v2\/comments?post=591"}],"version-history":[{"count":109,"href":"https:\/\/apaxequity.com\/es\/wp-json\/wp\/v2\/pages\/591\/revisions"}],"predecessor-version":[{"id":5941,"href":"https:\/\/apaxequity.com\/es\/wp-json\/wp\/v2\/pages\/591\/revisions\/5941"}],"wp:attachment":[{"href":"https:\/\/apaxequity.com\/es\/wp-json\/wp\/v2\/media?parent=591"}],"curies":[{"name":"wp","href":"https:\/\/api.w.org\/{rel}","templated":true}]}}